{"id":779,"date":"2019-01-27T10:41:05","date_gmt":"2019-01-27T09:41:05","guid":{"rendered":"https:\/\/ip7.es\/cms\/?page_id=779"},"modified":"2026-02-08T11:01:06","modified_gmt":"2026-02-08T10:01:06","slug":"communications-made-simple","status":"publish","type":"page","link":"https:\/\/ip7.es\/cms\/","title":{"rendered":"Communications made simple"},"content":{"rendered":"<p><span style=\"\"><img decoding=\"async\" alt=\"iP7\" data-id=\"983\" width=\"180\" data-init-width=\"643\" data-init-height=\"300\" title=\"ip7.es\" loading=\"lazy\" src=\"https:\/\/ip7.es\/cms\/wp-content\/uploads\/2023\/05\/logo-txt.png\" data-width=\"180\" style=\"aspect-ratio: auto 643 \/ 300;\" mt-d=\"0\" ml-d=\"0\" height=\"300\"><\/span><\/p>\n<h1 style=\"text-align: center;\"><strong>No me conformo con que se me oiga.<\/strong><\/h1>\n<p style=\"text-align: justify;\">Estar\u00e1s de acuerdo: De nada sirve que te oigan si no te escuchan.<\/p>\n<p style=\"text-align: justify;\">El hecho de atender de forma correcta a tus clientes, ser r\u00e1pido a la hora de dar respuesta, adelantarte ante posibles incidencias, son algunos aspectos b\u00e1sicos a la hora de interactuar con ellos. &nbsp;Por ello se hace necesario que distintas herramientas interact\u00faen entre s\u00ed, se entiendan y te muestren \u00abel dato\u00bb en mil\u00e9simas de segundo. Esto es parte de la escucha que debes implementar en tu empresa, porque de lo contrario estar\u00e1s alimentando a tu competencia.<\/p>\n<p><span style=\"width: 100%;\"><img decoding=\"async\" alt=\"Haz que te escuchen\" title=\"\u00bfHay alguien ah\u00ed?\" data-id=\"955\" src=\"https:\/\/ip7.es\/cms\/wp-content\/uploads\/2023\/04\/no-me-conformo-oiga.png.webp\" style=\"aspect-ratio: auto 800 \/ 690;\" width=\"500\" data-width=\"500\" data-init-width=\"800\" data-init-height=\"690\" loading=\"lazy\" height=\"690\"><\/span><\/p>\n<h3 style=\"text-align: center;\"><strong><span style=\"color: rgb(16, 25, 41);\">Te ofrecemos soluciones tecnol\u00f3gicas y de comunicaci\u00f3n para mejorar la escucha en tu empresa.<\/span><\/strong><\/h3>\n<p style=\"text-align: center;\"><em>Analizamos, estudiamos, elaboramos y proponemos soluciones aplicando el sentido com\u00fan.<\/em><\/p>\n<h3 style=\"text-align: center;\"><strong>Soluciones cloud<\/strong><\/h3>\n<p>Optimiza tus comunicaciones, mejora la experiencia de cliente y reduce los costes de TI con nuestras soluciones cloud.<\/p>\n<h3 style=\"text-align: center;\"><strong>inteligencia artificial<\/strong><\/h3>\n<p style=\"text-align: center;\">Organiza tus recursos, incluyendo en los mismos a los virtuales, automatizando las tareas y las conversaciones con inteligencia artificial y agentes virtuales.<\/p>\n<h3 style=\"text-align: center;\"><strong>marketing&nbsp;<\/strong><strong>digital<\/strong><\/h3>\n<p>Te proveemos de las herramientas necesarias para poder llevar a cabo tus estrategias de Marketing Digital de manera que puedas conseguir los objetivos establecidos en el plazo fijado.<\/p>\n<h1>En iP7 llevamos m\u00e1s de 25 a\u00f1os ayudando a negocios como el tuyo a afrontar los desaf\u00edos digitales<\/h1>\n<h4 style=\"\"><strong><span style=\"\">Qui\u00e9nes somos&nbsp;<\/span><\/strong><\/h4>\n<p style=\"text-align: justify;\">Somos un equipo de profesionales con m\u00e1s de 25 a\u00f1os de experiencia en el mundo de la innovaci\u00f3n tecnol\u00f3gica, las comunicaciones y en el desarrollo e implantaci\u00f3n de proyectos para la mejora de procesos productivos en los negocios de nuestros clientes, actualizados en las \u00faltimas tendencias y tecnolog\u00edas, con el fin de ofrecer siempre la mejor soluci\u00f3n a nuestros clientes.<\/p>\n<p style=\"text-align: justify;\">En iP7 nos organizamos en equipos de trabajo especializados, democratizando cada proyecto en funci\u00f3n de su necesidad.Lo hacemos muy f\u00e1cil, recurriendo siempre estrictamente a lo que necesitamos y aplicando el sentido com\u00fan para ofrecerte las mejores soluciones. No tenemos costes de estructura adicionales por proyecto, ya que cada profesional act\u00faa de forma independiente coordinado por el responsable del proyecto designado en cada caso.<\/p>\n<h4 style=\"\"><strong><span style=\"\">C\u00f3mo lo hacemos<\/span><\/strong><\/h4>\n<ol>\n<li style=\"\"><span style=\"\">1<\/span><span style=\"\">Escuchamos, entendemos y contrastamos tus necesidades.<\/span><\/li>\n<li><span style=\"\">2<\/span><span style=\"\">Dise\u00f1amos un proyecto con distintas alternativas que den respuesta a tus necesidades. Nuestra propuesta incluir\u00e1 la tecnolog\u00eda, as\u00ed como los productos y servicios adecuados para ofrecerte la mejor soluci\u00f3n.<\/span><\/li>\n<li style=\"\"><span style=\"\">3<\/span><span style=\"\">Seleccionamos los proveedores y profesionales que mejor se ajustan a tu proyecto ofreci\u00e9ndote la mejor soluci\u00f3n.<\/span><\/li>\n<li><span>4<\/span><span>Integramos el modelo de soporte y de gesti\u00f3n de servicio que se ajusta a tu proyecto y te proponemos el modelo de facturaci\u00f3n \u00f3ptimo.<\/span><\/li>\n<li><span>5<\/span><span>Lo instalamos llave en mano, formamos a las personas de tu organizaci\u00f3n que lo necesiten, y te garantizamos la soluci\u00f3n mediante un acuerdo de nivel de servicio que te ofrezca todas las garant\u00edas.&nbsp;<\/span><\/li>\n<\/ol>\n<h2 style=\"text-align: center;\"><strong>Contacto<\/strong><\/h2>\n<p style=\"text-align: center;\">Este sitio est\u00e1 protegido con reCAPTCHA y se aplica la <a href=\"https:\/\/policies.google.com\/privacy\" rel=\"nofollow\" target=\"_blank\" style=\"outline: none;\" data-lt-tmp-id=\"lt-609251\" spellcheck=\"false\">Pol\u00edtica de privacidad<\/a>&nbsp;y los&nbsp;<a href=\"https:\/\/policies.google.com\/terms\" rel=\"nofollow\" target=\"_blank\" style=\"outline: none;\" data-lt-tmp-id=\"lt-731374\" spellcheck=\"false\">T\u00e9rminos de servicio de Google<\/a>. &nbsp; &nbsp;| &nbsp; &nbsp;\u00a9 iP7 T&amp;S 2.026, todos los derechos reservados.<a href=\"https:\/\/www.freepik.es\/foto-gratis\/piloto-rubio-expresion-enojo_1011030.htm#page=3&amp;query=maverick&amp;position=22&amp;from_view=search&amp;track=ais\" target=\"_blank\" style=\"outline: none;\" data-lt-tmp-id=\"lt-982996\" spellcheck=\"false\">Imagen de kuesl en Freepik<\/a><\/p>\n","protected":false},"excerpt":{"rendered":"<p>Communications made simple<\/p>\n","protected":false},"author":1,"featured_media":0,"parent":0,"menu_order":0,"comment_status":"closed","ping_status":"closed","template":"","meta":{"_monsterinsights_skip_tracking":false,"_monsterinsights_sitenote_active":false,"_monsterinsights_sitenote_note":"","_monsterinsights_sitenote_category":0,"footnotes":""},"class_list":["post-779","page","type-page","status-publish","hentry"],"_links":{"self":[{"href":"https:\/\/ip7.es\/cms\/wp-json\/wp\/v2\/pages\/779","targetHints":{"allow":["GET"]}}],"collection":[{"href":"https:\/\/ip7.es\/cms\/wp-json\/wp\/v2\/pages"}],"about":[{"href":"https:\/\/ip7.es\/cms\/wp-json\/wp\/v2\/types\/page"}],"author":[{"embeddable":true,"href":"https:\/\/ip7.es\/cms\/wp-json\/wp\/v2\/users\/1"}],"replies":[{"embeddable":true,"href":"https:\/\/ip7.es\/cms\/wp-json\/wp\/v2\/comments?post=779"}],"version-history":[{"count":112,"href":"https:\/\/ip7.es\/cms\/wp-json\/wp\/v2\/pages\/779\/revisions"}],"predecessor-version":[{"id":1013,"href":"https:\/\/ip7.es\/cms\/wp-json\/wp\/v2\/pages\/779\/revisions\/1013"}],"wp:attachment":[{"href":"https:\/\/ip7.es\/cms\/wp-json\/wp\/v2\/media?parent=779"}],"curies":[{"name":"wp","href":"https:\/\/api.w.org\/{rel}","templated":true}]}}